{"id":1347,"date":"2021-04-07T14:25:09","date_gmt":"2021-04-07T14:25:09","guid":{"rendered":"https:\/\/aplustyres.eu\/what-is-a-tyre-label\/"},"modified":"2025-08-05T07:10:24","modified_gmt":"2025-08-05T07:10:24","slug":"what-is-a-tyre-label","status":"publish","type":"page","link":"https:\/\/aplustyres.eu\/fr\/what-is-a-tyre-label\/","title":{"rendered":"\u00c9tiquette-pneumatique?"},"content":{"rendered":"\n<p>As of 01\/05\/2021, the European tyre label has changed significantly on the basis of updated, stricter European regulations (<a href=\"https:\/\/eur-lex.europa.eu\/legal-content\/EN\/ALL\/?uri=CELEX%3A32020R0740\">Regulation (EU) 2020\/740<\/a>). This new European tyre label applies to passenger car tyres (C1), light truck tyres (C2) and heavy truck tyres (C3).<\/p>\n\n\n<div class=\"wp-block-image\">\n<figure class=\"alignleft size-large\"><img loading=\"lazy\" decoding=\"async\" width=\"206\" height=\"293\" src=\"http:\/\/aplustyres.eu\/wp-content\/uploads\/2021\/07\/New-Tire-Label.jpg\" alt=\"\" class=\"wp-image-511\"\/><\/figure>\n<\/div>\n\n\n<p>\u00c0 compter du 01\/05\/2021, l\u2019\u00e9tiquetage europ\u00e9en des pneumatiques a fortement chang\u00e9 pour s\u2019adapter \u00e0 l\u2019actualisation des r\u00e9glementations europ\u00e9ennes, rendues plus strictes (<a href=\"https:\/\/eur-lex.europa.eu\/legal-content\/EN\/ALL\/?uri=CELEX%3A32020R0740\">R\u00e8glement (UE) 2020\/740<\/a>). Ce nouvel \u00e9tiquetage europ\u00e9en des pneumatiques s\u2019applique aux pneumatiques de v\u00e9hicules particuliers (C1), de camions l\u00e9gers (C2) et de camions lourds (C3).<\/p>\n\n\n\n<p>La nouvelle \u00e9tiquette europ\u00e9enne de pneumatiques doit figurer sur le pneumatique ou au point de vent de tous les pneumatiques de types C1, C2 et C3 fabriqu\u00e9s \u00e0 partir du 1er mai 2021. L\u2019\u00e9tiquette doit indiquer le rendement, l\u2019efficacit\u00e9 \u00e9cologique et le niveau de s\u00e9curit\u00e9 du pneumatique. Elle fournit aussi la performance des pneumatiques sp\u00e9cifiquement con\u00e7us pour une utilisation dans des conditions difficiles de neige et de verglas. L\u2019\u00e9tiquette des pneus permet de comparer les pneus et vise \u00e0 encourager l\u2019utilisation de pneus plus s\u00fbrs, plus efficaces et plus silencieux.<\/p>\n\n\n\n<h2 class=\"wp-block-heading\">INFORMATIONS SUR LES CINQ CRIT\u00c8RES DE PERFORMANCE FIGURANT SUR L\u2019\u00c9TIQUETTE DE PNEUMATIQUE<\/h2>\n\n\n\n<p>L\u2019\u00e9tiquette de pneumatique fournit une valeur (classe) pour les cinq crit\u00e8res suivants :<\/p>\n\n\n\n<div class=\"wp-block-columns is-layout-flex wp-container-core-columns-is-layout-9d6595d7 wp-block-columns-is-layout-flex\">\n<div class=\"wp-block-column is-layout-flow wp-block-column-is-layout-flow\" style=\"flex-basis:33.33%\">\n<figure class=\"wp-block-image size-large is-resized\"><img loading=\"lazy\" decoding=\"async\" src=\"http:\/\/aplustyres.eu\/wp-content\/uploads\/2021\/07\/Roll-5x5-1.png\" alt=\"\" class=\"wp-image-515\" width=\"142\" height=\"142\"\/><\/figure>\n<\/div>\n\n\n\n<div class=\"wp-block-column is-layout-flow wp-block-column-is-layout-flow\" style=\"flex-basis:100%\">\n<h3 class=\"wp-block-heading\"><strong>EFFICACIT\u00c9 EN CARBURANT<\/strong><\/h3>\n\n\n\n<p><em><em>5 classes de A (tr\u00e8s efficace) \u00e0 E (peu efficace).<\/em><\/em> La consommation de carburant d\u2019un v\u00e9hicule d\u00e9pend de facteurs tels que le type de moteur, la vitesse, le rev\u00eatement de la route, les conditions m\u00e9t\u00e9orologiques, etc. La r\u00e9sistance au roulement des pneus repr\u00e9sente environ 20 % de la consommation de carburant. Une consommation de carburant moindre signifie une r\u00e9duction des co\u00fbts de carburant et des \u00e9missions de CO2.<\/p>\n<\/div>\n<\/div>\n\n\n\n<div class=\"wp-block-columns is-layout-flex wp-container-core-columns-is-layout-9d6595d7 wp-block-columns-is-layout-flex\">\n<div class=\"wp-block-column is-layout-flow wp-block-column-is-layout-flow\" style=\"flex-basis:33.33%\">\n<figure class=\"wp-block-image size-large\"><img loading=\"lazy\" decoding=\"async\" width=\"142\" height=\"142\" src=\"http:\/\/aplustyres.eu\/wp-content\/uploads\/2021\/07\/Break-5x5-1.png\" alt=\"\" class=\"wp-image-519\"\/><\/figure>\n<\/div>\n\n\n\n<div class=\"wp-block-column is-layout-flow wp-block-column-is-layout-flow\" style=\"flex-basis:100%\">\n<h3 class=\"wp-block-heading\"><strong><strong>ADH\u00c9RENCE SUR SOL MOUILL\u00c9<\/strong><\/strong><\/h3>\n\n\n\n<p><em><em>5 classes de A (distance de freinage la plus courte) \u00e0 E (distance de freinage la plus longue).<\/em><\/em> Les performances d\u2019adh\u00e9rence sur sol mouill\u00e9 d\u2019un pneu peuvent varier en fonction du type de v\u00e9hicule, des conditions m\u00e9t\u00e9orologiques et du dessin de la bande de roulement, entre autres facteurs. Une bonne adh\u00e9rence est importante pour la s\u00e9curit\u00e9.<\/p>\n<\/div>\n<\/div>\n\n\n\n<div class=\"wp-block-columns is-layout-flex wp-container-core-columns-is-layout-9d6595d7 wp-block-columns-is-layout-flex\">\n<div class=\"wp-block-column is-layout-flow wp-block-column-is-layout-flow\" style=\"flex-basis:33.33%\">\n<figure class=\"wp-block-image size-large\"><img loading=\"lazy\" decoding=\"async\" width=\"142\" height=\"142\" src=\"http:\/\/aplustyres.eu\/wp-content\/uploads\/2021\/07\/noise-5x5-1.png\" alt=\"\" class=\"wp-image-523\"\/><\/figure>\n<\/div>\n\n\n\n<div class=\"wp-block-column is-layout-flow wp-block-column-is-layout-flow\" style=\"flex-basis:100%\">\n<h3 class=\"wp-block-heading\"><strong><strong><strong>BRUIT DE ROULEMENT EXTERNE<\/strong><\/strong><\/strong><\/h3>\n\n\n\n<p><em>3 classes de bruit de roulement externe, avec une valeur mesur\u00e9e en dB.<\/em> Le bruit de roulement externe d\u00e9signe le bruit de la circulation caus\u00e9 par le pneu. En plus du niveau de bruit en d\u00e9cibels (dB), le pictogramme indique \u00e9galement le niveau de bruit A, B ou C.<\/p>\n\n\n\n<p><em>Remarque : Il n\u2019y a pas de lien direct entre le bruit externe (\u00e0 l\u2019ext\u00e9rieur de la voiture) et le bruit interne (\u00e0 l\u2019int\u00e9rieur de la voiture) des pneus.<\/em><\/p>\n<\/div>\n<\/div>\n\n\n\n<div class=\"wp-block-columns is-layout-flex wp-container-core-columns-is-layout-9d6595d7 wp-block-columns-is-layout-flex\">\n<div class=\"wp-block-column is-layout-flow wp-block-column-is-layout-flow\" style=\"flex-basis:33.33%\">\n<figure class=\"wp-block-image size-large\"><img loading=\"lazy\" decoding=\"async\" width=\"142\" height=\"142\" src=\"http:\/\/aplustyres.eu\/wp-content\/uploads\/2021\/07\/snow-5x5-1.png\" alt=\"\" class=\"wp-image-527\"\/><\/figure>\n<\/div>\n\n\n\n<div class=\"wp-block-column is-layout-flow wp-block-column-is-layout-flow\" style=\"flex-basis:100%\">\n<h3 class=\"wp-block-heading\"><strong><strong><strong><strong><strong>ADH\u00c9RENCE SUR NEIGE<\/strong><\/strong><\/strong><\/strong><\/strong><\/h3>\n\n\n\n<p>Les pneus marqu\u00e9s du symbole de la neige sont r\u00e9put\u00e9s satisfaire aux valeurs minimales de l\u2019indice d\u2019adh\u00e9rence sur la neige telles que sp\u00e9cifi\u00e9es dans le r\u00e8glement n\u00b0 117 de la CEE-ONU et sont adapt\u00e9s \u00e0 une utilisation dans des conditions de neige s\u00e9v\u00e8res. Le symbole de flocon de neige se trouve sur les pneus d\u2019hiver et sur de nombreux pneus toutes saisons.<\/p>\n<\/div>\n<\/div>\n\n\n\n<div class=\"wp-block-columns is-layout-flex wp-container-core-columns-is-layout-9d6595d7 wp-block-columns-is-layout-flex\">\n<div class=\"wp-block-column is-layout-flow wp-block-column-is-layout-flow\" style=\"flex-basis:33.33%\">\n<figure class=\"wp-block-image size-large\"><img loading=\"lazy\" decoding=\"async\" width=\"142\" height=\"142\" src=\"http:\/\/aplustyres.eu\/wp-content\/uploads\/2021\/07\/ice-5x5-1.png\" alt=\"\" class=\"wp-image-531\"\/><\/figure>\n<\/div>\n\n\n\n<div class=\"wp-block-column is-layout-flow wp-block-column-is-layout-flow\" style=\"flex-basis:100%\">\n<h3 class=\"wp-block-heading\"><strong><strong><strong><strong><strong>ADH\u00c9RENCE SUR VERGLAS<\/strong><\/strong><\/strong><\/strong><\/strong><\/h3>\n\n\n\n<p>Les pneus portant le symbole de la glace satisfont aux valeurs minimales pertinentes de l\u2019indice d\u2019adh\u00e9rence sur verglas et sont adapt\u00e9s \u00e0 une utilisation dans des conditions tr\u00e8s neigeuses et verglac\u00e9es.<br>\u00c0 l\u2019heure actuelle, le symbole de verglas ne figure que sur les \u00e9tiquettes des pneus des v\u00e9hicules personnels.<\/p>\n\n\n\n<p class=\"has-text-align-left\">Les&nbsp;<strong>pneumatiques portant<\/strong>&nbsp;le pictogramme&nbsp;<strong>d\u2019adh\u00e9rence sur verglas<\/strong>&nbsp;sont sp\u00e9cialement con\u00e7us pour un rev\u00eatement routier couvert de glace et de neige compacte. Ces pneus ne doivent \u00eatre utilis\u00e9s que dans des conditions climatiques tr\u00e8s s\u00e9v\u00e8res (par exemple des temp\u00e9ratures froides). L\u2019utilisation de pneus ayant une adh\u00e9rence pour la glace dans des conditions climatiques moins s\u00e9v\u00e8res (par exemple, sur le mouill\u00e9 ou \u00e0 des temp\u00e9ratures plus chaudes) pourrait entra\u00eener des performances sous-optimales, notamment en termes d\u2019adh\u00e9rence sur le mouill\u00e9, de maniabilit\u00e9 et d\u2019usure.<\/p>\n<\/div>\n<\/div>\n\n\n\n<p>L\u2019UE a mis en place une base de donn\u00e9es europ\u00e9enne des produits pour l\u2019\u00e9tiquetage \u00e9nerg\u00e9tique (EPREL). Les donn\u00e9es relatives aux pneumatiques (\u00e9tiquettes) contenues dans cette base de donn\u00e9es peuvent \u00eatre consult\u00e9es \u00e0 partir du 1er mai 2021. La nouvelle \u00e9tiquette du pneu contiendra \u00e9galement un code QR gr\u00e2ce auquel les donn\u00e9es de la fiche d\u2019information sur le produit, vis\u00e9es \u00e0 l\u2019annexe III du&nbsp;<a href=\"https:\/\/eur-lex.europa.eu\/legal-content\/EN\/ALL\/?uri=CELEX%3A32020R0740\">R\u00e8glement (UE) 2020\/740<\/a>&nbsp;seront \u00e0 terme accessibles \u00e0 tous.<\/p>\n\n\n\n<p>En r\u00e9f\u00e9rence au&nbsp;<a href=\"https:\/\/eur-lex.europa.eu\/legal-content\/EN\/ALL\/?uri=CELEX%3A32020R0740\">R\u00e8glement europ\u00e9en (UE) 2020\/740<\/a>&nbsp;susmentionn\u00e9, nous insistons sur le fait que le comportement du conducteur est le principal d\u00e9terminant de la consommation de carburant et de la s\u00e9curit\u00e9 routi\u00e8re, et en particulier que :<\/p>\n\n\n\n<ul class=\"wp-block-list\"><li>Une conduite \u00e9cologique peut r\u00e9duire sensiblement la consommation de carburant<\/li><li>La pression de gonflage des pneus doit \u00eatre contr\u00f4l\u00e9e r\u00e9guli\u00e8rement pour optimiser l\u2019efficacit\u00e9 en carburant et l\u2019adh\u00e9rence sur sol mouill\u00e9<\/li><li>Les distances suivantes doivent \u00eatre strictement respect\u00e9es en permanence.<\/li><\/ul>\n\n\n\n<p><strong><strong>Le pr\u00e9sent r\u00e8glement ne s\u2019applique pas:<\/strong><\/strong><\/p>\n\n\n\n<ul class=\"wp-block-list\"><li>Aux pneumatiques professionnels non routiers<\/li><li>Aux pneumatiques con\u00e7us pour \u00eatre mont\u00e9s uniquement sur les v\u00e9hicules immatricul\u00e9s pour la premi\u00e8re fois avant le 1 eroctobre 1990<\/li><li>Aux pneumatiques de secours \u00e0 usage temporaire de type T<\/li><li>Aux pneumatiques dont l\u2019indice de vitesse est inf\u00e9rieur \u00e0 80 km\/h<\/li><li>Aux pneumatiques dont le diam\u00e8tre de jante nominal est inf\u00e9rieur ou \u00e9gal \u00e0 254 mm, ou sup\u00e9rieur ou \u00e9gal \u00e0 635 mm<\/li><li>Aux pneumatiques munis de dispositifs additionnels destin\u00e9s \u00e0 am\u00e9liorer les caract\u00e9ristiques de traction, tels que les pneumatiques clout\u00e9s<\/li><li>Aux pneumatiques con\u00e7us pour \u00eatre mont\u00e9s uniquement sur des v\u00e9hicules exclusivement destin\u00e9s aux courses automobiles.<\/li><\/ul>\n\n\n\n<p>Source :&nbsp;<a href=\"https:\/\/eur-lex.europa.eu\/legal-content\/EN\/ALL\/?uri=CELEX%3A32020R0740\">R\u00e8glement (UE) N\u00b0 2020\/740 du Parlement europ\u00e9en et du Conseil<\/a><\/p>\n","protected":false},"excerpt":{"rendered":"<p>As of 01\/05\/2021, the European tyre label has changed significantly on the basis of updated, stricter European regulations (Regulation (EU) [&hellip;]<\/p>\n","protected":false},"author":5,"featured_media":0,"parent":0,"menu_order":0,"comment_status":"closed","ping_status":"closed","template":"","meta":{"_acf_changed":false,"footnotes":""},"class_list":["post-1347","page","type-page","status-publish","hentry"],"acf":[],"yoast_head":"<!-- This site is optimized with the Yoast SEO plugin v27.2 - https:\/\/yoast.com\/product\/yoast-seo-wordpress\/ -->\n<title>\u00c9tiquette-pneumatique? | Pneus Aplus<\/title>\n<meta name=\"description\" content=\"Une \u00e9tiquette de pneu indique les caract\u00e9ristiques d&#039;un pneu de voiture. Quels sont les composants d&#039;une \u00e9tiquette de pneu ? En savoir plus.\" \/>\n<meta name=\"robots\" content=\"index, follow, max-snippet:-1, max-image-preview:large, max-video-preview:-1\" \/>\n<link rel=\"canonical\" href=\"https:\/\/aplustyres.eu\/fr\/what-is-a-tyre-label\/\" \/>\n<meta property=\"og:locale\" content=\"fr_FR\" \/>\n<meta property=\"og:type\" content=\"article\" \/>\n<meta property=\"og:title\" content=\"\u00c9tiquette-pneumatique? | Pneus Aplus\" \/>\n<meta property=\"og:description\" content=\"Une \u00e9tiquette de pneu indique les caract\u00e9ristiques d&#039;un pneu de voiture. Quels sont les composants d&#039;une \u00e9tiquette de pneu ? En savoir plus.\" \/>\n<meta property=\"og:url\" content=\"https:\/\/aplustyres.eu\/fr\/what-is-a-tyre-label\/\" \/>\n<meta property=\"og:site_name\" content=\"Aplus tyres\" \/>\n<meta property=\"article:modified_time\" content=\"2025-08-05T07:10:24+00:00\" \/>\n<meta property=\"og:image\" content=\"https:\/\/aplustyres.eu\/wp-content\/uploads\/2021\/07\/New-Tire-Label.jpg\" \/>\n\t<meta property=\"og:image:width\" content=\"206\" \/>\n\t<meta property=\"og:image:height\" content=\"293\" \/>\n\t<meta property=\"og:image:type\" content=\"image\/jpeg\" \/>\n<meta name=\"twitter:card\" content=\"summary_large_image\" \/>\n<meta name=\"twitter:label1\" content=\"Dur\u00e9e de lecture estim\u00e9e\" \/>\n\t<meta name=\"twitter:data1\" content=\"6 minutes\" \/>\n<script type=\"application\/ld+json\" class=\"yoast-schema-graph\">{\"@context\":\"https:\/\/schema.org\",\"@graph\":[{\"@type\":\"WebPage\",\"@id\":\"https:\/\/aplustyres.eu\/fr\/what-is-a-tyre-label\/\",\"url\":\"https:\/\/aplustyres.eu\/fr\/what-is-a-tyre-label\/\",\"name\":\"\u00c9tiquette-pneumatique? | Pneus Aplus\",\"isPartOf\":{\"@id\":\"https:\/\/aplustyres.eu\/#website\"},\"primaryImageOfPage\":{\"@id\":\"https:\/\/aplustyres.eu\/fr\/what-is-a-tyre-label\/#primaryimage\"},\"image\":{\"@id\":\"https:\/\/aplustyres.eu\/fr\/what-is-a-tyre-label\/#primaryimage\"},\"thumbnailUrl\":\"http:\/\/aplustyres.eu\/wp-content\/uploads\/2021\/07\/New-Tire-Label.jpg\",\"datePublished\":\"2021-04-07T14:25:09+00:00\",\"dateModified\":\"2025-08-05T07:10:24+00:00\",\"description\":\"Une \u00e9tiquette de pneu indique les caract\u00e9ristiques d'un pneu de voiture. Quels sont les composants d'une \u00e9tiquette de pneu ? En savoir plus.\",\"breadcrumb\":{\"@id\":\"https:\/\/aplustyres.eu\/fr\/what-is-a-tyre-label\/#breadcrumb\"},\"inLanguage\":\"fr-FR\",\"potentialAction\":[{\"@type\":\"ReadAction\",\"target\":[\"https:\/\/aplustyres.eu\/fr\/what-is-a-tyre-label\/\"]}]},{\"@type\":\"ImageObject\",\"inLanguage\":\"fr-FR\",\"@id\":\"https:\/\/aplustyres.eu\/fr\/what-is-a-tyre-label\/#primaryimage\",\"url\":\"http:\/\/aplustyres.eu\/wp-content\/uploads\/2021\/07\/New-Tire-Label.jpg\",\"contentUrl\":\"http:\/\/aplustyres.eu\/wp-content\/uploads\/2021\/07\/New-Tire-Label.jpg\"},{\"@type\":\"BreadcrumbList\",\"@id\":\"https:\/\/aplustyres.eu\/fr\/what-is-a-tyre-label\/#breadcrumb\",\"itemListElement\":[{\"@type\":\"ListItem\",\"position\":1,\"name\":\"Home\",\"item\":\"https:\/\/aplustyres.eu\/fr\/\"},{\"@type\":\"ListItem\",\"position\":2,\"name\":\"\u00c9tiquette-pneumatique?\"}]},{\"@type\":\"WebSite\",\"@id\":\"https:\/\/aplustyres.eu\/#website\",\"url\":\"https:\/\/aplustyres.eu\/\",\"name\":\"Aplus tyres\",\"description\":\"Find a tyre that fits your needs\",\"potentialAction\":[{\"@type\":\"SearchAction\",\"target\":{\"@type\":\"EntryPoint\",\"urlTemplate\":\"https:\/\/aplustyres.eu\/?s={search_term_string}\"},\"query-input\":{\"@type\":\"PropertyValueSpecification\",\"valueRequired\":true,\"valueName\":\"search_term_string\"}}],\"inLanguage\":\"fr-FR\"}]}<\/script>\n<!-- \/ Yoast SEO plugin. -->","yoast_head_json":{"title":"\u00c9tiquette-pneumatique? | Pneus Aplus","description":"Une \u00e9tiquette de pneu indique les caract\u00e9ristiques d'un pneu de voiture. Quels sont les composants d'une \u00e9tiquette de pneu ? En savoir plus.","robots":{"index":"index","follow":"follow","max-snippet":"max-snippet:-1","max-image-preview":"max-image-preview:large","max-video-preview":"max-video-preview:-1"},"canonical":"https:\/\/aplustyres.eu\/fr\/what-is-a-tyre-label\/","og_locale":"fr_FR","og_type":"article","og_title":"\u00c9tiquette-pneumatique? | Pneus Aplus","og_description":"Une \u00e9tiquette de pneu indique les caract\u00e9ristiques d'un pneu de voiture. Quels sont les composants d'une \u00e9tiquette de pneu ? En savoir plus.","og_url":"https:\/\/aplustyres.eu\/fr\/what-is-a-tyre-label\/","og_site_name":"Aplus tyres","article_modified_time":"2025-08-05T07:10:24+00:00","og_image":[{"width":206,"height":293,"url":"https:\/\/aplustyres.eu\/wp-content\/uploads\/2021\/07\/New-Tire-Label.jpg","type":"image\/jpeg"}],"twitter_card":"summary_large_image","twitter_misc":{"Dur\u00e9e de lecture estim\u00e9e":"6 minutes"},"schema":{"@context":"https:\/\/schema.org","@graph":[{"@type":"WebPage","@id":"https:\/\/aplustyres.eu\/fr\/what-is-a-tyre-label\/","url":"https:\/\/aplustyres.eu\/fr\/what-is-a-tyre-label\/","name":"\u00c9tiquette-pneumatique? | Pneus Aplus","isPartOf":{"@id":"https:\/\/aplustyres.eu\/#website"},"primaryImageOfPage":{"@id":"https:\/\/aplustyres.eu\/fr\/what-is-a-tyre-label\/#primaryimage"},"image":{"@id":"https:\/\/aplustyres.eu\/fr\/what-is-a-tyre-label\/#primaryimage"},"thumbnailUrl":"http:\/\/aplustyres.eu\/wp-content\/uploads\/2021\/07\/New-Tire-Label.jpg","datePublished":"2021-04-07T14:25:09+00:00","dateModified":"2025-08-05T07:10:24+00:00","description":"Une \u00e9tiquette de pneu indique les caract\u00e9ristiques d'un pneu de voiture. Quels sont les composants d'une \u00e9tiquette de pneu ? En savoir plus.","breadcrumb":{"@id":"https:\/\/aplustyres.eu\/fr\/what-is-a-tyre-label\/#breadcrumb"},"inLanguage":"fr-FR","potentialAction":[{"@type":"ReadAction","target":["https:\/\/aplustyres.eu\/fr\/what-is-a-tyre-label\/"]}]},{"@type":"ImageObject","inLanguage":"fr-FR","@id":"https:\/\/aplustyres.eu\/fr\/what-is-a-tyre-label\/#primaryimage","url":"http:\/\/aplustyres.eu\/wp-content\/uploads\/2021\/07\/New-Tire-Label.jpg","contentUrl":"http:\/\/aplustyres.eu\/wp-content\/uploads\/2021\/07\/New-Tire-Label.jpg"},{"@type":"BreadcrumbList","@id":"https:\/\/aplustyres.eu\/fr\/what-is-a-tyre-label\/#breadcrumb","itemListElement":[{"@type":"ListItem","position":1,"name":"Home","item":"https:\/\/aplustyres.eu\/fr\/"},{"@type":"ListItem","position":2,"name":"\u00c9tiquette-pneumatique?"}]},{"@type":"WebSite","@id":"https:\/\/aplustyres.eu\/#website","url":"https:\/\/aplustyres.eu\/","name":"Aplus tyres","description":"Find a tyre that fits your needs","potentialAction":[{"@type":"SearchAction","target":{"@type":"EntryPoint","urlTemplate":"https:\/\/aplustyres.eu\/?s={search_term_string}"},"query-input":{"@type":"PropertyValueSpecification","valueRequired":true,"valueName":"search_term_string"}}],"inLanguage":"fr-FR"}]}},"_links":{"self":[{"href":"https:\/\/aplustyres.eu\/fr\/wp-json\/wp\/v2\/pages\/1347","targetHints":{"allow":["GET"]}}],"collection":[{"href":"https:\/\/aplustyres.eu\/fr\/wp-json\/wp\/v2\/pages"}],"about":[{"href":"https:\/\/aplustyres.eu\/fr\/wp-json\/wp\/v2\/types\/page"}],"author":[{"embeddable":true,"href":"https:\/\/aplustyres.eu\/fr\/wp-json\/wp\/v2\/users\/5"}],"replies":[{"embeddable":true,"href":"https:\/\/aplustyres.eu\/fr\/wp-json\/wp\/v2\/comments?post=1347"}],"version-history":[{"count":1,"href":"https:\/\/aplustyres.eu\/fr\/wp-json\/wp\/v2\/pages\/1347\/revisions"}],"predecessor-version":[{"id":1353,"href":"https:\/\/aplustyres.eu\/fr\/wp-json\/wp\/v2\/pages\/1347\/revisions\/1353"}],"wp:attachment":[{"href":"https:\/\/aplustyres.eu\/fr\/wp-json\/wp\/v2\/media?parent=1347"}],"curies":[{"name":"wp","href":"https:\/\/api.w.org\/{rel}","templated":true}]}}