{"id":1321,"date":"2021-04-01T06:48:22","date_gmt":"2021-04-01T06:48:22","guid":{"rendered":"https:\/\/aplustyres.eu\/voorbeeld-pagina-2\/"},"modified":"2025-08-05T07:24:15","modified_gmt":"2025-08-05T07:24:15","slug":"voorbeeld-pagina-2","status":"publish","type":"page","link":"https:\/\/aplustyres.eu\/fr\/","title":{"rendered":"Aplus"},"content":{"rendered":"\n<p>Chez Aplus, nous nous engageons \u00e0 fournir des pneus de haute qualit\u00e9 \u00e0 des prix comp\u00e9titifs. Nous utilisons des \u00e9quipements de pointe, un contr\u00f4le qualit\u00e9 rigoureux et des processus certifi\u00e9s afin que chaque pneu r\u00e9ponde aux normes internationales. Nos certifications incluent : GSO\/GCC, DOT, ECE, REACH, INMETRO, NOM, SONCAP, SMARTWAY, BIS, ISO et CCC.<\/p>\n\n\n\n<p>Au-del\u00e0 du produit, nous accordons une grande importance \u00e0 un service de qualit\u00e9 et \u00e0 des partenariats stables et durables avec nos clients \u2013 pour \u00e9voluer ensemble, sur le long terme.<\/p>\n\n\n\n<div class=\"wp-block-columns is-layout-flex wp-container-core-columns-is-layout-9d6595d7 wp-block-columns-is-layout-flex\">\n<div class=\"wp-block-column is-layout-flow wp-block-column-is-layout-flow\" style=\"flex-basis:66.66%\">\n<h2 class=\"wp-block-heading has-text-color\" style=\"color:#fad000\">Avec APLUS, vous pouvez toujours trouver un pneu qui r\u00e9pond \u00e1 vos besoins. <\/h2>\n<\/div>\n\n\n\n<div class=\"wp-block-column is-layout-flow wp-block-column-is-layout-flow\" style=\"flex-basis:33.33%\"><\/div>\n<\/div>\n\n\n\n<h2 class=\"wp-block-heading\">La Gamme Aplus<\/h2>\n\n\n\n<p>Aplus propose une gamme polyvalente de 10 profils pour voitures particuli\u00e8res (PCR), SUV, 4\u00d74 et utilitaires l\u00e9gers (LT). Avec 315 dimensions disponibles en pneus \u00e9t\u00e9, hiver et toutes saisons, vous trouverez toujours un pneu adapt\u00e9 \u00e0 vos besoins.<\/p>\n\n\n\n<div class=\"wp-block-buttons is-layout-flex wp-block-buttons-is-layout-flex\">\n<div class=\"wp-block-button\"><a class=\"wp-block-button__link has-black-color has-text-color has-background no-border-radius wp-element-button\" href=\"http:\/\/aplustyres.eu\/about-aplus\/\" style=\"background-color:#fecc00\">Plus d&rsquo;infos sur Aplus<\/a><\/div>\n<\/div>\n\n\n\n<p><\/p>\n","protected":false},"excerpt":{"rendered":"<p>Chez Aplus, nous nous engageons \u00e0 fournir des pneus de haute qualit\u00e9 \u00e0 des prix comp\u00e9titifs. Nous utilisons des \u00e9quipements [&hellip;]<\/p>\n","protected":false},"author":5,"featured_media":0,"parent":0,"menu_order":0,"comment_status":"closed","ping_status":"closed","template":"home.php","meta":{"_acf_changed":false,"footnotes":""},"class_list":["post-1321","page","type-page","status-publish","hentry"],"acf":[],"yoast_head":"<!-- This site is optimized with the Yoast SEO plugin v27.4 - https:\/\/yoast.com\/product\/yoast-seo-wordpress\/ -->\n<title>Toujours un pneu adapt\u00e9 \u00e0 vos besoins | Pneus Aplus<\/title>\n<meta name=\"description\" content=\"Aplus propose une gamme de 13 mod\u00e8les pour les voitures particuli\u00e8res, les SUV \/ 4\u00d74 et les camionnettes. D\u00e9couvrez la gamme compl\u00e8te.\" \/>\n<meta name=\"robots\" content=\"index, follow, max-snippet:-1, max-image-preview:large, max-video-preview:-1\" \/>\n<link rel=\"canonical\" href=\"https:\/\/aplustyres.eu\/fr\/\" \/>\n<meta property=\"og:locale\" content=\"fr_FR\" \/>\n<meta property=\"og:type\" content=\"article\" \/>\n<meta property=\"og:title\" content=\"Toujours un pneu adapt\u00e9 \u00e0 vos besoins | Pneus Aplus\" \/>\n<meta property=\"og:description\" content=\"Aplus propose une gamme de 13 mod\u00e8les pour les voitures particuli\u00e8res, les SUV \/ 4\u00d74 et les camionnettes. D\u00e9couvrez la gamme compl\u00e8te.\" \/>\n<meta property=\"og:url\" content=\"https:\/\/aplustyres.eu\/fr\/\" \/>\n<meta property=\"og:site_name\" content=\"Aplus tyres\" \/>\n<meta property=\"article:modified_time\" content=\"2025-08-05T07:24:15+00:00\" \/>\n<meta name=\"twitter:card\" content=\"summary_large_image\" \/>\n<meta name=\"twitter:label1\" content=\"Dur\u00e9e de lecture estim\u00e9e\" \/>\n\t<meta name=\"twitter:data1\" content=\"1 minute\" \/>\n<script type=\"application\/ld+json\" class=\"yoast-schema-graph\">{\"@context\":\"https:\\\/\\\/schema.org\",\"@graph\":[{\"@type\":\"WebPage\",\"@id\":\"https:\\\/\\\/aplustyres.eu\\\/fr\\\/\",\"url\":\"https:\\\/\\\/aplustyres.eu\\\/fr\\\/\",\"name\":\"Toujours un pneu adapt\u00e9 \u00e0 vos besoins | Pneus Aplus\",\"isPartOf\":{\"@id\":\"https:\\\/\\\/aplustyres.eu\\\/#website\"},\"datePublished\":\"2021-04-01T06:48:22+00:00\",\"dateModified\":\"2025-08-05T07:24:15+00:00\",\"description\":\"Aplus propose une gamme de 13 mod\u00e8les pour les voitures particuli\u00e8res, les SUV \\\/ 4\u00d74 et les camionnettes. D\u00e9couvrez la gamme compl\u00e8te.\",\"breadcrumb\":{\"@id\":\"https:\\\/\\\/aplustyres.eu\\\/fr\\\/#breadcrumb\"},\"inLanguage\":\"fr-FR\",\"potentialAction\":[{\"@type\":\"ReadAction\",\"target\":[\"https:\\\/\\\/aplustyres.eu\\\/fr\\\/\"]}]},{\"@type\":\"BreadcrumbList\",\"@id\":\"https:\\\/\\\/aplustyres.eu\\\/fr\\\/#breadcrumb\",\"itemListElement\":[{\"@type\":\"ListItem\",\"position\":1,\"name\":\"Home\",\"item\":\"https:\\\/\\\/aplustyres.eu\\\/fr\\\/\"},{\"@type\":\"ListItem\",\"position\":2,\"name\":\"Aplus\"}]},{\"@type\":\"WebSite\",\"@id\":\"https:\\\/\\\/aplustyres.eu\\\/#website\",\"url\":\"https:\\\/\\\/aplustyres.eu\\\/\",\"name\":\"Aplus tyres\",\"description\":\"Find a tyre that fits your needs\",\"potentialAction\":[{\"@type\":\"SearchAction\",\"target\":{\"@type\":\"EntryPoint\",\"urlTemplate\":\"https:\\\/\\\/aplustyres.eu\\\/?s={search_term_string}\"},\"query-input\":{\"@type\":\"PropertyValueSpecification\",\"valueRequired\":true,\"valueName\":\"search_term_string\"}}],\"inLanguage\":\"fr-FR\"}]}<\/script>\n<!-- \/ Yoast SEO plugin. -->","yoast_head_json":{"title":"Toujours un pneu adapt\u00e9 \u00e0 vos besoins | Pneus Aplus","description":"Aplus propose une gamme de 13 mod\u00e8les pour les voitures particuli\u00e8res, les SUV \/ 4\u00d74 et les camionnettes. D\u00e9couvrez la gamme compl\u00e8te.","robots":{"index":"index","follow":"follow","max-snippet":"max-snippet:-1","max-image-preview":"max-image-preview:large","max-video-preview":"max-video-preview:-1"},"canonical":"https:\/\/aplustyres.eu\/fr\/","og_locale":"fr_FR","og_type":"article","og_title":"Toujours un pneu adapt\u00e9 \u00e0 vos besoins | Pneus Aplus","og_description":"Aplus propose une gamme de 13 mod\u00e8les pour les voitures particuli\u00e8res, les SUV \/ 4\u00d74 et les camionnettes. D\u00e9couvrez la gamme compl\u00e8te.","og_url":"https:\/\/aplustyres.eu\/fr\/","og_site_name":"Aplus tyres","article_modified_time":"2025-08-05T07:24:15+00:00","twitter_card":"summary_large_image","twitter_misc":{"Dur\u00e9e de lecture estim\u00e9e":"1 minute"},"schema":{"@context":"https:\/\/schema.org","@graph":[{"@type":"WebPage","@id":"https:\/\/aplustyres.eu\/fr\/","url":"https:\/\/aplustyres.eu\/fr\/","name":"Toujours un pneu adapt\u00e9 \u00e0 vos besoins | Pneus Aplus","isPartOf":{"@id":"https:\/\/aplustyres.eu\/#website"},"datePublished":"2021-04-01T06:48:22+00:00","dateModified":"2025-08-05T07:24:15+00:00","description":"Aplus propose une gamme de 13 mod\u00e8les pour les voitures particuli\u00e8res, les SUV \/ 4\u00d74 et les camionnettes. D\u00e9couvrez la gamme compl\u00e8te.","breadcrumb":{"@id":"https:\/\/aplustyres.eu\/fr\/#breadcrumb"},"inLanguage":"fr-FR","potentialAction":[{"@type":"ReadAction","target":["https:\/\/aplustyres.eu\/fr\/"]}]},{"@type":"BreadcrumbList","@id":"https:\/\/aplustyres.eu\/fr\/#breadcrumb","itemListElement":[{"@type":"ListItem","position":1,"name":"Home","item":"https:\/\/aplustyres.eu\/fr\/"},{"@type":"ListItem","position":2,"name":"Aplus"}]},{"@type":"WebSite","@id":"https:\/\/aplustyres.eu\/#website","url":"https:\/\/aplustyres.eu\/","name":"Aplus tyres","description":"Find a tyre that fits your needs","potentialAction":[{"@type":"SearchAction","target":{"@type":"EntryPoint","urlTemplate":"https:\/\/aplustyres.eu\/?s={search_term_string}"},"query-input":{"@type":"PropertyValueSpecification","valueRequired":true,"valueName":"search_term_string"}}],"inLanguage":"fr-FR"}]}},"_links":{"self":[{"href":"https:\/\/aplustyres.eu\/fr\/wp-json\/wp\/v2\/pages\/1321","targetHints":{"allow":["GET"]}}],"collection":[{"href":"https:\/\/aplustyres.eu\/fr\/wp-json\/wp\/v2\/pages"}],"about":[{"href":"https:\/\/aplustyres.eu\/fr\/wp-json\/wp\/v2\/types\/page"}],"author":[{"embeddable":true,"href":"https:\/\/aplustyres.eu\/fr\/wp-json\/wp\/v2\/users\/5"}],"replies":[{"embeddable":true,"href":"https:\/\/aplustyres.eu\/fr\/wp-json\/wp\/v2\/comments?post=1321"}],"version-history":[{"count":5,"href":"https:\/\/aplustyres.eu\/fr\/wp-json\/wp\/v2\/pages\/1321\/revisions"}],"predecessor-version":[{"id":2385,"href":"https:\/\/aplustyres.eu\/fr\/wp-json\/wp\/v2\/pages\/1321\/revisions\/2385"}],"wp:attachment":[{"href":"https:\/\/aplustyres.eu\/fr\/wp-json\/wp\/v2\/media?parent=1321"}],"curies":[{"name":"wp","href":"https:\/\/api.w.org\/{rel}","templated":true}]}}