{"id":1311,"date":"2021-04-01T08:04:11","date_gmt":"2021-04-01T08:04:11","guid":{"rendered":"https:\/\/aplustyres.eu\/about-aplus\/"},"modified":"2025-08-05T07:12:06","modified_gmt":"2025-08-05T07:12:06","slug":"about-aplus","status":"publish","type":"page","link":"https:\/\/aplustyres.eu\/fr\/about-aplus\/","title":{"rendered":"A Propos de Aplus"},"content":{"rendered":"\n<h3 class=\"wp-block-heading has-text-align-left has-text-color\" style=\"color:#fad000\">Avec APLUS, vous pouvez toujours trouver<\/h3>\n\n\n\n<h3 class=\"wp-block-heading has-text-align-center has-text-color\" style=\"color:#fad000\">un pneu qui r\u00e9pond \u00e1 vos besoins.<\/h3>\n\n\n\n<p>Avec Aplus, vous trouverez toujours un pneu adapt\u00e9 \u00e0 vos besoins. Notre large gamme comprend 13 profils pour voitures particuli\u00e8res (PCR), 4\u00d74 et utilitaires l\u00e9gers (LT). Que vous cherchiez des pneus \u00e9t\u00e9, hiver ou toutes saisons \u2013 avec plus de 600 dimensions disponibles, vous avez l&#8217;embarras du choix.<\/p>\n\n\n\n<h3 class=\"wp-block-heading\"><strong>Qualit\u00e9 et fiabilit\u00e9<\/strong><\/h3>\n\n\n\n<p>Chez Aplus, la qualit\u00e9 est notre priorit\u00e9. Nous utilisons uniquement des \u00e9quipements de haute qualit\u00e9 et des techniques de production avanc\u00e9es. Un contr\u00f4le qualit\u00e9 strict et des certifications internationales reconnues (dont DOT, ECE, REACH, ISO) garantissent des pneus s\u00fbrs, durables et fiables.<\/p>\n\n\n\n<div class=\"wp-block-buttons is-horizontal is-content-justification-center is-layout-flex wp-container-core-buttons-is-layout-499968f5 wp-block-buttons-is-layout-flex\">\n<div class=\"wp-block-button\"><a class=\"wp-block-button__link has-black-color has-text-color has-background wp-element-button\" href=\"https:\/\/aplustyres.eu\/wp-content\/uploads\/2025\/04\/Aplus-brochure-FR.pdf\" style=\"border-radius:0px;background-color:#fad000\" target=\"_blank\" rel=\"noreferrer noopener\"><strong>T\u00c9L\u00c9CHARGEZ VOTRE BROCHURE ICI<\/strong><\/a><\/div>\n<\/div>\n\n\n\n<p><\/p>\n","protected":false},"excerpt":{"rendered":"<p>Avec APLUS, vous pouvez toujours trouver un pneu qui r\u00e9pond \u00e1 vos besoins. Avec Aplus, vous trouverez toujours un pneu [&hellip;]<\/p>\n","protected":false},"author":5,"featured_media":0,"parent":0,"menu_order":0,"comment_status":"closed","ping_status":"closed","template":"","meta":{"_acf_changed":false,"footnotes":""},"class_list":["post-1311","page","type-page","status-publish","hentry"],"acf":[],"yoast_head":"<!-- This site is optimized with the Yoast SEO plugin v27.2 - https:\/\/yoast.com\/product\/yoast-seo-wordpress\/ -->\n<title>A Propos de Aplus | Pneus Aplus<\/title>\n<meta name=\"description\" content=\"La gamme d&#039;Aplus comprend 13 mod\u00e8les pour les voitures particuli\u00e8res, les 4\u00d74 et les camionnettes. Aplus a le bon pneu pour vos besoins.\" \/>\n<meta name=\"robots\" content=\"index, follow, max-snippet:-1, max-image-preview:large, max-video-preview:-1\" \/>\n<link rel=\"canonical\" href=\"https:\/\/aplustyres.eu\/fr\/about-aplus\/\" \/>\n<meta property=\"og:locale\" content=\"fr_FR\" \/>\n<meta property=\"og:type\" content=\"article\" \/>\n<meta property=\"og:title\" content=\"A Propos de Aplus | Pneus Aplus\" \/>\n<meta property=\"og:description\" content=\"La gamme d&#039;Aplus comprend 13 mod\u00e8les pour les voitures particuli\u00e8res, les 4\u00d74 et les camionnettes. Aplus a le bon pneu pour vos besoins.\" \/>\n<meta property=\"og:url\" content=\"https:\/\/aplustyres.eu\/fr\/about-aplus\/\" \/>\n<meta property=\"og:site_name\" content=\"Aplus tyres\" \/>\n<meta property=\"article:modified_time\" content=\"2025-08-05T07:12:06+00:00\" \/>\n<meta name=\"twitter:card\" content=\"summary_large_image\" \/>\n<meta name=\"twitter:label1\" content=\"Dur\u00e9e de lecture estim\u00e9e\" \/>\n\t<meta name=\"twitter:data1\" content=\"1 minute\" \/>\n<script type=\"application\/ld+json\" class=\"yoast-schema-graph\">{\"@context\":\"https:\/\/schema.org\",\"@graph\":[{\"@type\":\"WebPage\",\"@id\":\"https:\/\/aplustyres.eu\/fr\/about-aplus\/\",\"url\":\"https:\/\/aplustyres.eu\/fr\/about-aplus\/\",\"name\":\"A Propos de Aplus | Pneus Aplus\",\"isPartOf\":{\"@id\":\"https:\/\/aplustyres.eu\/#website\"},\"datePublished\":\"2021-04-01T08:04:11+00:00\",\"dateModified\":\"2025-08-05T07:12:06+00:00\",\"description\":\"La gamme d'Aplus comprend 13 mod\u00e8les pour les voitures particuli\u00e8res, les 4\u00d74 et les camionnettes. Aplus a le bon pneu pour vos besoins.\",\"breadcrumb\":{\"@id\":\"https:\/\/aplustyres.eu\/fr\/about-aplus\/#breadcrumb\"},\"inLanguage\":\"fr-FR\",\"potentialAction\":[{\"@type\":\"ReadAction\",\"target\":[\"https:\/\/aplustyres.eu\/fr\/about-aplus\/\"]}]},{\"@type\":\"BreadcrumbList\",\"@id\":\"https:\/\/aplustyres.eu\/fr\/about-aplus\/#breadcrumb\",\"itemListElement\":[{\"@type\":\"ListItem\",\"position\":1,\"name\":\"Home\",\"item\":\"https:\/\/aplustyres.eu\/fr\/\"},{\"@type\":\"ListItem\",\"position\":2,\"name\":\"A Propos de Aplus\"}]},{\"@type\":\"WebSite\",\"@id\":\"https:\/\/aplustyres.eu\/#website\",\"url\":\"https:\/\/aplustyres.eu\/\",\"name\":\"Aplus tyres\",\"description\":\"Find a tyre that fits your needs\",\"potentialAction\":[{\"@type\":\"SearchAction\",\"target\":{\"@type\":\"EntryPoint\",\"urlTemplate\":\"https:\/\/aplustyres.eu\/?s={search_term_string}\"},\"query-input\":{\"@type\":\"PropertyValueSpecification\",\"valueRequired\":true,\"valueName\":\"search_term_string\"}}],\"inLanguage\":\"fr-FR\"}]}<\/script>\n<!-- \/ Yoast SEO plugin. -->","yoast_head_json":{"title":"A Propos de Aplus | Pneus Aplus","description":"La gamme d'Aplus comprend 13 mod\u00e8les pour les voitures particuli\u00e8res, les 4\u00d74 et les camionnettes. Aplus a le bon pneu pour vos besoins.","robots":{"index":"index","follow":"follow","max-snippet":"max-snippet:-1","max-image-preview":"max-image-preview:large","max-video-preview":"max-video-preview:-1"},"canonical":"https:\/\/aplustyres.eu\/fr\/about-aplus\/","og_locale":"fr_FR","og_type":"article","og_title":"A Propos de Aplus | Pneus Aplus","og_description":"La gamme d'Aplus comprend 13 mod\u00e8les pour les voitures particuli\u00e8res, les 4\u00d74 et les camionnettes. Aplus a le bon pneu pour vos besoins.","og_url":"https:\/\/aplustyres.eu\/fr\/about-aplus\/","og_site_name":"Aplus tyres","article_modified_time":"2025-08-05T07:12:06+00:00","twitter_card":"summary_large_image","twitter_misc":{"Dur\u00e9e de lecture estim\u00e9e":"1 minute"},"schema":{"@context":"https:\/\/schema.org","@graph":[{"@type":"WebPage","@id":"https:\/\/aplustyres.eu\/fr\/about-aplus\/","url":"https:\/\/aplustyres.eu\/fr\/about-aplus\/","name":"A Propos de Aplus | Pneus Aplus","isPartOf":{"@id":"https:\/\/aplustyres.eu\/#website"},"datePublished":"2021-04-01T08:04:11+00:00","dateModified":"2025-08-05T07:12:06+00:00","description":"La gamme d'Aplus comprend 13 mod\u00e8les pour les voitures particuli\u00e8res, les 4\u00d74 et les camionnettes. Aplus a le bon pneu pour vos besoins.","breadcrumb":{"@id":"https:\/\/aplustyres.eu\/fr\/about-aplus\/#breadcrumb"},"inLanguage":"fr-FR","potentialAction":[{"@type":"ReadAction","target":["https:\/\/aplustyres.eu\/fr\/about-aplus\/"]}]},{"@type":"BreadcrumbList","@id":"https:\/\/aplustyres.eu\/fr\/about-aplus\/#breadcrumb","itemListElement":[{"@type":"ListItem","position":1,"name":"Home","item":"https:\/\/aplustyres.eu\/fr\/"},{"@type":"ListItem","position":2,"name":"A Propos de Aplus"}]},{"@type":"WebSite","@id":"https:\/\/aplustyres.eu\/#website","url":"https:\/\/aplustyres.eu\/","name":"Aplus tyres","description":"Find a tyre that fits your needs","potentialAction":[{"@type":"SearchAction","target":{"@type":"EntryPoint","urlTemplate":"https:\/\/aplustyres.eu\/?s={search_term_string}"},"query-input":{"@type":"PropertyValueSpecification","valueRequired":true,"valueName":"search_term_string"}}],"inLanguage":"fr-FR"}]}},"_links":{"self":[{"href":"https:\/\/aplustyres.eu\/fr\/wp-json\/wp\/v2\/pages\/1311","targetHints":{"allow":["GET"]}}],"collection":[{"href":"https:\/\/aplustyres.eu\/fr\/wp-json\/wp\/v2\/pages"}],"about":[{"href":"https:\/\/aplustyres.eu\/fr\/wp-json\/wp\/v2\/types\/page"}],"author":[{"embeddable":true,"href":"https:\/\/aplustyres.eu\/fr\/wp-json\/wp\/v2\/users\/5"}],"replies":[{"embeddable":true,"href":"https:\/\/aplustyres.eu\/fr\/wp-json\/wp\/v2\/comments?post=1311"}],"version-history":[{"count":10,"href":"https:\/\/aplustyres.eu\/fr\/wp-json\/wp\/v2\/pages\/1311\/revisions"}],"predecessor-version":[{"id":2399,"href":"https:\/\/aplustyres.eu\/fr\/wp-json\/wp\/v2\/pages\/1311\/revisions\/2399"}],"wp:attachment":[{"href":"https:\/\/aplustyres.eu\/fr\/wp-json\/wp\/v2\/media?parent=1311"}],"curies":[{"name":"wp","href":"https:\/\/api.w.org\/{rel}","templated":true}]}}