{"id":545,"date":"2021-04-07T14:22:25","date_gmt":"2021-04-07T14:22:25","guid":{"rendered":"http:\/\/aplustyres.eu\/disclaimer\/"},"modified":"2025-07-03T11:09:13","modified_gmt":"2025-07-03T11:09:13","slug":"disclaimer","status":"publish","type":"page","link":"https:\/\/aplustyres.eu\/es\/disclaimer\/","title":{"rendered":"Aviso legal"},"content":{"rendered":"\n<p>Ni Aplus ni su filial se hacen responsables del contenido de la informaci\u00f3n de este sitio de Internet ni de la base del mismo. Se ha dedicado el m\u00e1ximo esmero al contenido y la composici\u00f3n de la redacci\u00f3n. A pesar de ello, Aplus y su filial no aceptan ninguna responsabilidad por la correcci\u00f3n e integridad de la redacci\u00f3n, ni por las consecuencias directas o indirectas de los actos u omisiones en la base de la misma. Todos los textos\/im\u00e1genes\/nombres comerciales y la informaci\u00f3n de Aplus y su filial presentes en este sitio web est\u00e1n protegidos por los derechos de autor y de la marca comercial, y no se pueden emplear en modo alguno sin permiso.<\/p>\n","protected":false},"excerpt":{"rendered":"<p>Ni Aplus ni su filial se hacen responsables del contenido de la informaci\u00f3n de este sitio de Internet ni de [&hellip;]<\/p>\n","protected":false},"author":5,"featured_media":0,"parent":0,"menu_order":0,"comment_status":"closed","ping_status":"closed","template":"","meta":{"_acf_changed":false,"footnotes":""},"class_list":["post-545","page","type-page","status-publish","hentry"],"acf":[],"yoast_head":"<!-- This site is optimized with the Yoast SEO plugin v27.4 - https:\/\/yoast.com\/product\/yoast-seo-wordpress\/ -->\n<title>Aviso legal | Neum\u00e1ticos Aplus<\/title>\n<meta name=\"robots\" content=\"index, follow, max-snippet:-1, max-image-preview:large, max-video-preview:-1\" \/>\n<link rel=\"canonical\" href=\"https:\/\/aplustyres.eu\/es\/disclaimer\/\" \/>\n<meta property=\"og:locale\" content=\"es_ES\" \/>\n<meta property=\"og:type\" content=\"article\" \/>\n<meta property=\"og:title\" content=\"Aviso legal | Neum\u00e1ticos Aplus\" \/>\n<meta property=\"og:description\" content=\"Ni Aplus ni su filial se hacen responsables del contenido de la informaci\u00f3n de este sitio de Internet ni de [&hellip;]\" \/>\n<meta property=\"og:url\" content=\"https:\/\/aplustyres.eu\/es\/disclaimer\/\" \/>\n<meta property=\"og:site_name\" content=\"Aplus tyres\" \/>\n<meta property=\"article:modified_time\" content=\"2025-07-03T11:09:13+00:00\" \/>\n<meta name=\"twitter:card\" content=\"summary_large_image\" \/>\n<meta name=\"twitter:label1\" content=\"Tiempo de lectura\" \/>\n\t<meta name=\"twitter:data1\" content=\"1 minuto\" \/>\n<script type=\"application\/ld+json\" class=\"yoast-schema-graph\">{\"@context\":\"https:\\\/\\\/schema.org\",\"@graph\":[{\"@type\":\"WebPage\",\"@id\":\"https:\\\/\\\/aplustyres.eu\\\/es\\\/disclaimer\\\/\",\"url\":\"https:\\\/\\\/aplustyres.eu\\\/es\\\/disclaimer\\\/\",\"name\":\"Aviso legal | Neum\u00e1ticos Aplus\",\"isPartOf\":{\"@id\":\"https:\\\/\\\/aplustyres.eu\\\/#website\"},\"datePublished\":\"2021-04-07T14:22:25+00:00\",\"dateModified\":\"2025-07-03T11:09:13+00:00\",\"breadcrumb\":{\"@id\":\"https:\\\/\\\/aplustyres.eu\\\/es\\\/disclaimer\\\/#breadcrumb\"},\"inLanguage\":\"es\",\"potentialAction\":[{\"@type\":\"ReadAction\",\"target\":[\"https:\\\/\\\/aplustyres.eu\\\/es\\\/disclaimer\\\/\"]}]},{\"@type\":\"BreadcrumbList\",\"@id\":\"https:\\\/\\\/aplustyres.eu\\\/es\\\/disclaimer\\\/#breadcrumb\",\"itemListElement\":[{\"@type\":\"ListItem\",\"position\":1,\"name\":\"Home\",\"item\":\"https:\\\/\\\/aplustyres.eu\\\/es\\\/\"},{\"@type\":\"ListItem\",\"position\":2,\"name\":\"Aviso legal\"}]},{\"@type\":\"WebSite\",\"@id\":\"https:\\\/\\\/aplustyres.eu\\\/#website\",\"url\":\"https:\\\/\\\/aplustyres.eu\\\/\",\"name\":\"Aplus tyres\",\"description\":\"Find a tyre that fits your needs\",\"potentialAction\":[{\"@type\":\"SearchAction\",\"target\":{\"@type\":\"EntryPoint\",\"urlTemplate\":\"https:\\\/\\\/aplustyres.eu\\\/?s={search_term_string}\"},\"query-input\":{\"@type\":\"PropertyValueSpecification\",\"valueRequired\":true,\"valueName\":\"search_term_string\"}}],\"inLanguage\":\"es\"}]}<\/script>\n<!-- \/ Yoast SEO plugin. -->","yoast_head_json":{"title":"Aviso legal | Neum\u00e1ticos Aplus","robots":{"index":"index","follow":"follow","max-snippet":"max-snippet:-1","max-image-preview":"max-image-preview:large","max-video-preview":"max-video-preview:-1"},"canonical":"https:\/\/aplustyres.eu\/es\/disclaimer\/","og_locale":"es_ES","og_type":"article","og_title":"Aviso legal | Neum\u00e1ticos Aplus","og_description":"Ni Aplus ni su filial se hacen responsables del contenido de la informaci\u00f3n de este sitio de Internet ni de [&hellip;]","og_url":"https:\/\/aplustyres.eu\/es\/disclaimer\/","og_site_name":"Aplus tyres","article_modified_time":"2025-07-03T11:09:13+00:00","twitter_card":"summary_large_image","twitter_misc":{"Tiempo de lectura":"1 minuto"},"schema":{"@context":"https:\/\/schema.org","@graph":[{"@type":"WebPage","@id":"https:\/\/aplustyres.eu\/es\/disclaimer\/","url":"https:\/\/aplustyres.eu\/es\/disclaimer\/","name":"Aviso legal | Neum\u00e1ticos Aplus","isPartOf":{"@id":"https:\/\/aplustyres.eu\/#website"},"datePublished":"2021-04-07T14:22:25+00:00","dateModified":"2025-07-03T11:09:13+00:00","breadcrumb":{"@id":"https:\/\/aplustyres.eu\/es\/disclaimer\/#breadcrumb"},"inLanguage":"es","potentialAction":[{"@type":"ReadAction","target":["https:\/\/aplustyres.eu\/es\/disclaimer\/"]}]},{"@type":"BreadcrumbList","@id":"https:\/\/aplustyres.eu\/es\/disclaimer\/#breadcrumb","itemListElement":[{"@type":"ListItem","position":1,"name":"Home","item":"https:\/\/aplustyres.eu\/es\/"},{"@type":"ListItem","position":2,"name":"Aviso legal"}]},{"@type":"WebSite","@id":"https:\/\/aplustyres.eu\/#website","url":"https:\/\/aplustyres.eu\/","name":"Aplus tyres","description":"Find a tyre that fits your needs","potentialAction":[{"@type":"SearchAction","target":{"@type":"EntryPoint","urlTemplate":"https:\/\/aplustyres.eu\/?s={search_term_string}"},"query-input":{"@type":"PropertyValueSpecification","valueRequired":true,"valueName":"search_term_string"}}],"inLanguage":"es"}]}},"_links":{"self":[{"href":"https:\/\/aplustyres.eu\/es\/wp-json\/wp\/v2\/pages\/545","targetHints":{"allow":["GET"]}}],"collection":[{"href":"https:\/\/aplustyres.eu\/es\/wp-json\/wp\/v2\/pages"}],"about":[{"href":"https:\/\/aplustyres.eu\/es\/wp-json\/wp\/v2\/types\/page"}],"author":[{"embeddable":true,"href":"https:\/\/aplustyres.eu\/es\/wp-json\/wp\/v2\/users\/5"}],"replies":[{"embeddable":true,"href":"https:\/\/aplustyres.eu\/es\/wp-json\/wp\/v2\/comments?post=545"}],"version-history":[{"count":1,"href":"https:\/\/aplustyres.eu\/es\/wp-json\/wp\/v2\/pages\/545\/revisions"}],"predecessor-version":[{"id":571,"href":"https:\/\/aplustyres.eu\/es\/wp-json\/wp\/v2\/pages\/545\/revisions\/571"}],"wp:attachment":[{"href":"https:\/\/aplustyres.eu\/es\/wp-json\/wp\/v2\/media?parent=545"}],"curies":[{"name":"wp","href":"https:\/\/api.w.org\/{rel}","templated":true}]}}