{"id":477,"date":"2021-04-01T08:03:54","date_gmt":"2021-04-01T08:03:54","guid":{"rendered":"http:\/\/aplustyres.eu\/contact\/"},"modified":"2025-08-05T07:32:02","modified_gmt":"2025-08-05T07:32:02","slug":"contacto","status":"publish","type":"page","link":"https:\/\/aplustyres.eu\/es\/contacto\/","title":{"rendered":"Contacto"},"content":{"rendered":"\n<div class=\"wp-block-contact-form-7-contact-form-selector\">\n<div class=\"wpcf7 no-js\" id=\"wpcf7-f475-o1\" lang=\"en-US\" dir=\"ltr\" data-wpcf7-id=\"475\">\n<div class=\"screen-reader-response\"><p role=\"status\" aria-live=\"polite\" aria-atomic=\"true\"><\/p> <ul><\/ul><\/div>\n<form action=\"\/es\/wp-json\/wp\/v2\/pages\/477#wpcf7-f475-o1\" method=\"post\" class=\"wpcf7-form init\" aria-label=\"Contact form\" novalidate=\"novalidate\" data-status=\"init\">\n<fieldset class=\"hidden-fields-container\"><input type=\"hidden\" name=\"_wpcf7\" value=\"475\" \/><input type=\"hidden\" name=\"_wpcf7_version\" value=\"6.1.5\" \/><input type=\"hidden\" name=\"_wpcf7_locale\" value=\"en_US\" \/><input type=\"hidden\" name=\"_wpcf7_unit_tag\" value=\"wpcf7-f475-o1\" \/><input type=\"hidden\" name=\"_wpcf7_container_post\" value=\"0\" \/><input type=\"hidden\" name=\"_wpcf7_posted_data_hash\" value=\"\" \/><input type=\"hidden\" name=\"_wpcf7_recaptcha_response\" value=\"\" \/>\n<\/fieldset>\n<p><label> Su nombre<br \/>\n<span class=\"wpcf7-form-control-wrap\" data-name=\"your-name\"><input size=\"40\" maxlength=\"400\" class=\"wpcf7-form-control wpcf7-text wpcf7-validates-as-required\" aria-required=\"true\" aria-invalid=\"false\" value=\"\" type=\"text\" name=\"your-name\" \/><\/span> <\/label>\n<\/p>\n<p><label> Su email<br \/>\n<span class=\"wpcf7-form-control-wrap\" data-name=\"your-email\"><input size=\"40\" maxlength=\"400\" class=\"wpcf7-form-control wpcf7-email wpcf7-validates-as-required wpcf7-text wpcf7-validates-as-email\" aria-required=\"true\" aria-invalid=\"false\" value=\"\" type=\"email\" name=\"your-email\" \/><\/span> <\/label>\n<\/p>\n<p><label> Asunto<br \/>\n<span class=\"wpcf7-form-control-wrap\" data-name=\"your-subject\"><input size=\"40\" maxlength=\"400\" class=\"wpcf7-form-control wpcf7-text wpcf7-validates-as-required\" aria-required=\"true\" aria-invalid=\"false\" value=\"\" type=\"text\" name=\"your-subject\" \/><\/span> <\/label>\n<\/p>\n<p><label> Su mensaje (opcional)<br \/>\n<span class=\"wpcf7-form-control-wrap\" data-name=\"your-message\"><textarea cols=\"40\" rows=\"10\" maxlength=\"2000\" class=\"wpcf7-form-control wpcf7-textarea\" aria-invalid=\"false\" name=\"your-message\"><\/textarea><\/span> <\/label>\n<\/p>\n<p><input class=\"wpcf7-form-control wpcf7-submit has-spinner\" type=\"submit\" value=\"Enviar\" \/>\n<\/p><div class=\"wpcf7-response-output\" aria-hidden=\"true\"><\/div>\n<\/form>\n<\/div>\n<\/div>\n","protected":false},"excerpt":{"rendered":"","protected":false},"author":5,"featured_media":0,"parent":0,"menu_order":0,"comment_status":"closed","ping_status":"closed","template":"","meta":{"_acf_changed":false,"footnotes":""},"class_list":["post-477","page","type-page","status-publish","hentry"],"acf":[],"yoast_head":"<!-- This site is optimized with the Yoast SEO plugin v27.2 - https:\/\/yoast.com\/product\/yoast-seo-wordpress\/ -->\n<title>Contacto | Neum\u00e1ticos Aplus<\/title>\n<meta name=\"description\" content=\"\u00bfTiene alguna pregunta sobre nuestros productos o desea informaci\u00f3n adicional sobre los neum\u00e1ticos Aplus? P\u00f3ngase en contacto con nosotros.\" \/>\n<meta name=\"robots\" content=\"index, follow, max-snippet:-1, max-image-preview:large, max-video-preview:-1\" \/>\n<link rel=\"canonical\" href=\"https:\/\/aplustyres.eu\/es\/contacto\/\" \/>\n<meta property=\"og:locale\" content=\"es_ES\" \/>\n<meta property=\"og:type\" content=\"article\" \/>\n<meta property=\"og:title\" content=\"Contacto | Neum\u00e1ticos Aplus\" \/>\n<meta property=\"og:description\" content=\"\u00bfTiene alguna pregunta sobre nuestros productos o desea informaci\u00f3n adicional sobre los neum\u00e1ticos Aplus? P\u00f3ngase en contacto con nosotros.\" \/>\n<meta property=\"og:url\" content=\"https:\/\/aplustyres.eu\/es\/contacto\/\" \/>\n<meta property=\"og:site_name\" content=\"Aplus tyres\" \/>\n<meta property=\"article:modified_time\" content=\"2025-08-05T07:32:02+00:00\" \/>\n<meta name=\"twitter:card\" content=\"summary_large_image\" \/>\n<meta name=\"twitter:label1\" content=\"Tiempo de lectura\" \/>\n\t<meta name=\"twitter:data1\" content=\"1 minuto\" \/>\n<script type=\"application\/ld+json\" class=\"yoast-schema-graph\">{\"@context\":\"https:\/\/schema.org\",\"@graph\":[{\"@type\":\"WebPage\",\"@id\":\"https:\/\/aplustyres.eu\/es\/contacto\/\",\"url\":\"https:\/\/aplustyres.eu\/es\/contacto\/\",\"name\":\"Contacto | Neum\u00e1ticos Aplus\",\"isPartOf\":{\"@id\":\"https:\/\/aplustyres.eu\/#website\"},\"datePublished\":\"2021-04-01T08:03:54+00:00\",\"dateModified\":\"2025-08-05T07:32:02+00:00\",\"description\":\"\u00bfTiene alguna pregunta sobre nuestros productos o desea informaci\u00f3n adicional sobre los neum\u00e1ticos Aplus? P\u00f3ngase en contacto con nosotros.\",\"breadcrumb\":{\"@id\":\"https:\/\/aplustyres.eu\/es\/contacto\/#breadcrumb\"},\"inLanguage\":\"es\",\"potentialAction\":[{\"@type\":\"ReadAction\",\"target\":[\"https:\/\/aplustyres.eu\/es\/contacto\/\"]}]},{\"@type\":\"BreadcrumbList\",\"@id\":\"https:\/\/aplustyres.eu\/es\/contacto\/#breadcrumb\",\"itemListElement\":[{\"@type\":\"ListItem\",\"position\":1,\"name\":\"Home\",\"item\":\"https:\/\/aplustyres.eu\/es\/\"},{\"@type\":\"ListItem\",\"position\":2,\"name\":\"Contacto\"}]},{\"@type\":\"WebSite\",\"@id\":\"https:\/\/aplustyres.eu\/#website\",\"url\":\"https:\/\/aplustyres.eu\/\",\"name\":\"Aplus tyres\",\"description\":\"Find a tyre that fits your needs\",\"potentialAction\":[{\"@type\":\"SearchAction\",\"target\":{\"@type\":\"EntryPoint\",\"urlTemplate\":\"https:\/\/aplustyres.eu\/?s={search_term_string}\"},\"query-input\":{\"@type\":\"PropertyValueSpecification\",\"valueRequired\":true,\"valueName\":\"search_term_string\"}}],\"inLanguage\":\"es\"}]}<\/script>\n<!-- \/ Yoast SEO plugin. -->","yoast_head_json":{"title":"Contacto | Neum\u00e1ticos Aplus","description":"\u00bfTiene alguna pregunta sobre nuestros productos o desea informaci\u00f3n adicional sobre los neum\u00e1ticos Aplus? P\u00f3ngase en contacto con nosotros.","robots":{"index":"index","follow":"follow","max-snippet":"max-snippet:-1","max-image-preview":"max-image-preview:large","max-video-preview":"max-video-preview:-1"},"canonical":"https:\/\/aplustyres.eu\/es\/contacto\/","og_locale":"es_ES","og_type":"article","og_title":"Contacto | Neum\u00e1ticos Aplus","og_description":"\u00bfTiene alguna pregunta sobre nuestros productos o desea informaci\u00f3n adicional sobre los neum\u00e1ticos Aplus? P\u00f3ngase en contacto con nosotros.","og_url":"https:\/\/aplustyres.eu\/es\/contacto\/","og_site_name":"Aplus tyres","article_modified_time":"2025-08-05T07:32:02+00:00","twitter_card":"summary_large_image","twitter_misc":{"Tiempo de lectura":"1 minuto"},"schema":{"@context":"https:\/\/schema.org","@graph":[{"@type":"WebPage","@id":"https:\/\/aplustyres.eu\/es\/contacto\/","url":"https:\/\/aplustyres.eu\/es\/contacto\/","name":"Contacto | Neum\u00e1ticos Aplus","isPartOf":{"@id":"https:\/\/aplustyres.eu\/#website"},"datePublished":"2021-04-01T08:03:54+00:00","dateModified":"2025-08-05T07:32:02+00:00","description":"\u00bfTiene alguna pregunta sobre nuestros productos o desea informaci\u00f3n adicional sobre los neum\u00e1ticos Aplus? P\u00f3ngase en contacto con nosotros.","breadcrumb":{"@id":"https:\/\/aplustyres.eu\/es\/contacto\/#breadcrumb"},"inLanguage":"es","potentialAction":[{"@type":"ReadAction","target":["https:\/\/aplustyres.eu\/es\/contacto\/"]}]},{"@type":"BreadcrumbList","@id":"https:\/\/aplustyres.eu\/es\/contacto\/#breadcrumb","itemListElement":[{"@type":"ListItem","position":1,"name":"Home","item":"https:\/\/aplustyres.eu\/es\/"},{"@type":"ListItem","position":2,"name":"Contacto"}]},{"@type":"WebSite","@id":"https:\/\/aplustyres.eu\/#website","url":"https:\/\/aplustyres.eu\/","name":"Aplus tyres","description":"Find a tyre that fits your needs","potentialAction":[{"@type":"SearchAction","target":{"@type":"EntryPoint","urlTemplate":"https:\/\/aplustyres.eu\/?s={search_term_string}"},"query-input":{"@type":"PropertyValueSpecification","valueRequired":true,"valueName":"search_term_string"}}],"inLanguage":"es"}]}},"_links":{"self":[{"href":"https:\/\/aplustyres.eu\/es\/wp-json\/wp\/v2\/pages\/477","targetHints":{"allow":["GET"]}}],"collection":[{"href":"https:\/\/aplustyres.eu\/es\/wp-json\/wp\/v2\/pages"}],"about":[{"href":"https:\/\/aplustyres.eu\/es\/wp-json\/wp\/v2\/types\/page"}],"author":[{"embeddable":true,"href":"https:\/\/aplustyres.eu\/es\/wp-json\/wp\/v2\/users\/5"}],"replies":[{"embeddable":true,"href":"https:\/\/aplustyres.eu\/es\/wp-json\/wp\/v2\/comments?post=477"}],"version-history":[{"count":2,"href":"https:\/\/aplustyres.eu\/es\/wp-json\/wp\/v2\/pages\/477\/revisions"}],"predecessor-version":[{"id":481,"href":"https:\/\/aplustyres.eu\/es\/wp-json\/wp\/v2\/pages\/477\/revisions\/481"}],"wp:attachment":[{"href":"https:\/\/aplustyres.eu\/es\/wp-json\/wp\/v2\/media?parent=477"}],"curies":[{"name":"wp","href":"https:\/\/api.w.org\/{rel}","templated":true}]}}