{"id":365,"date":"2021-04-01T08:04:11","date_gmt":"2021-04-01T08:04:11","guid":{"rendered":"http:\/\/aplustyres.eu\/about-aplus\/"},"modified":"2025-08-05T07:31:26","modified_gmt":"2025-08-05T07:31:26","slug":"acera-de-aplus","status":"publish","type":"page","link":"https:\/\/aplustyres.eu\/es\/acera-de-aplus\/","title":{"rendered":"Acera de Aplus"},"content":{"rendered":"\n<h3 class=\"wp-block-heading has-text-align-left has-text-color\" style=\"color:#fad000\">Con Aplus siempre podr\u00e1s encontrar un<\/h3>\n\n\n\n<h3 class=\"wp-block-heading has-text-align-right has-text-color\" style=\"color:#fad000\">neum\u00e1tico que se ajuste a tus necesidades<\/h3>\n\n\n\n<p>Nous proposons non seulement des pneus de qualit\u00e9 \u00e0 des prix comp\u00e9titifs, mais aussi un service irr\u00e9prochable. Nous croyons en des relations durables et stables \u2013 pour grandir ensemble.<\/p>\n\n\n\n<p>Con Aplus, siempre encontrar\u00e1s un neum\u00e1tico que se adapta a tus necesidades. Nuestra amplia gama incluye 13 dise\u00f1os para turismos (PCR), veh\u00edculos 4\u00d74 y camiones ligeros (LT). Ya sea para verano, invierno o todo el a\u00f1o \u2013 con m\u00e1s de 600 medidas disponibles, hay mucho donde elegir.<\/p>\n\n\n\n<h3 class=\"wp-block-heading\"><strong>Calidad y fiabilidad<\/strong><\/h3>\n\n\n\n<p>En Aplus, la calidad es lo primero. Utilizamos equipos de alta gama y t\u00e9cnicas de producci\u00f3n avanzadas. Un estricto control de calidad y certificaciones internacionales reconocidas (como DOT, ECE, REACH, ISO) garantizan neum\u00e1ticos seguros, duraderos y fiables.<\/p>\n\n\n\n<h3 class=\"wp-block-heading\"><strong>Buenos neum\u00e1ticos, relaciones duraderas<\/strong><\/h3>\n\n\n\n<p>Ofrecemos neum\u00e1ticos de alta calidad a precios competitivos, adem\u00e1s de un servicio excepcional. Creemos en relaciones estables y a largo plazo \u2013 para crecer juntos.<\/p>\n\n\n\n<div class=\"wp-block-buttons is-horizontal is-content-justification-center is-layout-flex wp-container-core-buttons-is-layout-499968f5 wp-block-buttons-is-layout-flex\">\n<div class=\"wp-block-button\"><a class=\"wp-block-button__link has-black-color has-text-color has-background wp-element-button\" href=\"https:\/\/aplustyres.eu\/wp-content\/uploads\/2025\/04\/Aplus-brochure-ES.pdf\" style=\"border-radius:0px;background-color:#fad000\" target=\"_blank\" rel=\"noreferrer noopener\"><strong>Descargar el folleto de Aplus<\/strong><\/a><\/div>\n<\/div>\n","protected":false},"excerpt":{"rendered":"<p>Con Aplus siempre podr\u00e1s encontrar un neum\u00e1tico que se ajuste a tus necesidades Nous proposons non seulement des pneus de [&hellip;]<\/p>\n","protected":false},"author":5,"featured_media":0,"parent":0,"menu_order":0,"comment_status":"closed","ping_status":"closed","template":"","meta":{"_acf_changed":false,"footnotes":""},"class_list":["post-365","page","type-page","status-publish","hentry"],"acf":[],"yoast_head":"<!-- This site is optimized with the Yoast SEO plugin v27.4 - https:\/\/yoast.com\/product\/yoast-seo-wordpress\/ -->\n<title>Acera de Aplus | Neum\u00e1ticos Aplus<\/title>\n<meta name=\"description\" content=\"La gama de Aplus incluye 13 modelos para turismos, 4\u00d74 y camiones ligeros. Aplus tiene el neum\u00e1tico adecuado para sus necesidades.\" \/>\n<meta name=\"robots\" content=\"index, follow, max-snippet:-1, max-image-preview:large, max-video-preview:-1\" \/>\n<link rel=\"canonical\" href=\"https:\/\/aplustyres.eu\/es\/acera-de-aplus\/\" \/>\n<meta property=\"og:locale\" content=\"es_ES\" \/>\n<meta property=\"og:type\" content=\"article\" \/>\n<meta property=\"og:title\" content=\"Acera de Aplus | Neum\u00e1ticos Aplus\" \/>\n<meta property=\"og:description\" content=\"La gama de Aplus incluye 13 modelos para turismos, 4\u00d74 y camiones ligeros. Aplus tiene el neum\u00e1tico adecuado para sus necesidades.\" \/>\n<meta property=\"og:url\" content=\"https:\/\/aplustyres.eu\/es\/acera-de-aplus\/\" \/>\n<meta property=\"og:site_name\" content=\"Aplus tyres\" \/>\n<meta property=\"article:modified_time\" content=\"2025-08-05T07:31:26+00:00\" \/>\n<meta name=\"twitter:card\" content=\"summary_large_image\" \/>\n<meta name=\"twitter:label1\" content=\"Tiempo de lectura\" \/>\n\t<meta name=\"twitter:data1\" content=\"1 minuto\" \/>\n<script type=\"application\/ld+json\" class=\"yoast-schema-graph\">{\"@context\":\"https:\\\/\\\/schema.org\",\"@graph\":[{\"@type\":\"WebPage\",\"@id\":\"https:\\\/\\\/aplustyres.eu\\\/es\\\/acera-de-aplus\\\/\",\"url\":\"https:\\\/\\\/aplustyres.eu\\\/es\\\/acera-de-aplus\\\/\",\"name\":\"Acera de Aplus | Neum\u00e1ticos Aplus\",\"isPartOf\":{\"@id\":\"https:\\\/\\\/aplustyres.eu\\\/#website\"},\"datePublished\":\"2021-04-01T08:04:11+00:00\",\"dateModified\":\"2025-08-05T07:31:26+00:00\",\"description\":\"La gama de Aplus incluye 13 modelos para turismos, 4\u00d74 y camiones ligeros. Aplus tiene el neum\u00e1tico adecuado para sus necesidades.\",\"breadcrumb\":{\"@id\":\"https:\\\/\\\/aplustyres.eu\\\/es\\\/acera-de-aplus\\\/#breadcrumb\"},\"inLanguage\":\"es\",\"potentialAction\":[{\"@type\":\"ReadAction\",\"target\":[\"https:\\\/\\\/aplustyres.eu\\\/es\\\/acera-de-aplus\\\/\"]}]},{\"@type\":\"BreadcrumbList\",\"@id\":\"https:\\\/\\\/aplustyres.eu\\\/es\\\/acera-de-aplus\\\/#breadcrumb\",\"itemListElement\":[{\"@type\":\"ListItem\",\"position\":1,\"name\":\"Home\",\"item\":\"https:\\\/\\\/aplustyres.eu\\\/es\\\/\"},{\"@type\":\"ListItem\",\"position\":2,\"name\":\"Acera de Aplus\"}]},{\"@type\":\"WebSite\",\"@id\":\"https:\\\/\\\/aplustyres.eu\\\/#website\",\"url\":\"https:\\\/\\\/aplustyres.eu\\\/\",\"name\":\"Aplus tyres\",\"description\":\"Find a tyre that fits your needs\",\"potentialAction\":[{\"@type\":\"SearchAction\",\"target\":{\"@type\":\"EntryPoint\",\"urlTemplate\":\"https:\\\/\\\/aplustyres.eu\\\/?s={search_term_string}\"},\"query-input\":{\"@type\":\"PropertyValueSpecification\",\"valueRequired\":true,\"valueName\":\"search_term_string\"}}],\"inLanguage\":\"es\"}]}<\/script>\n<!-- \/ Yoast SEO plugin. -->","yoast_head_json":{"title":"Acera de Aplus | Neum\u00e1ticos Aplus","description":"La gama de Aplus incluye 13 modelos para turismos, 4\u00d74 y camiones ligeros. Aplus tiene el neum\u00e1tico adecuado para sus necesidades.","robots":{"index":"index","follow":"follow","max-snippet":"max-snippet:-1","max-image-preview":"max-image-preview:large","max-video-preview":"max-video-preview:-1"},"canonical":"https:\/\/aplustyres.eu\/es\/acera-de-aplus\/","og_locale":"es_ES","og_type":"article","og_title":"Acera de Aplus | Neum\u00e1ticos Aplus","og_description":"La gama de Aplus incluye 13 modelos para turismos, 4\u00d74 y camiones ligeros. Aplus tiene el neum\u00e1tico adecuado para sus necesidades.","og_url":"https:\/\/aplustyres.eu\/es\/acera-de-aplus\/","og_site_name":"Aplus tyres","article_modified_time":"2025-08-05T07:31:26+00:00","twitter_card":"summary_large_image","twitter_misc":{"Tiempo de lectura":"1 minuto"},"schema":{"@context":"https:\/\/schema.org","@graph":[{"@type":"WebPage","@id":"https:\/\/aplustyres.eu\/es\/acera-de-aplus\/","url":"https:\/\/aplustyres.eu\/es\/acera-de-aplus\/","name":"Acera de Aplus | Neum\u00e1ticos Aplus","isPartOf":{"@id":"https:\/\/aplustyres.eu\/#website"},"datePublished":"2021-04-01T08:04:11+00:00","dateModified":"2025-08-05T07:31:26+00:00","description":"La gama de Aplus incluye 13 modelos para turismos, 4\u00d74 y camiones ligeros. Aplus tiene el neum\u00e1tico adecuado para sus necesidades.","breadcrumb":{"@id":"https:\/\/aplustyres.eu\/es\/acera-de-aplus\/#breadcrumb"},"inLanguage":"es","potentialAction":[{"@type":"ReadAction","target":["https:\/\/aplustyres.eu\/es\/acera-de-aplus\/"]}]},{"@type":"BreadcrumbList","@id":"https:\/\/aplustyres.eu\/es\/acera-de-aplus\/#breadcrumb","itemListElement":[{"@type":"ListItem","position":1,"name":"Home","item":"https:\/\/aplustyres.eu\/es\/"},{"@type":"ListItem","position":2,"name":"Acera de Aplus"}]},{"@type":"WebSite","@id":"https:\/\/aplustyres.eu\/#website","url":"https:\/\/aplustyres.eu\/","name":"Aplus tyres","description":"Find a tyre that fits your needs","potentialAction":[{"@type":"SearchAction","target":{"@type":"EntryPoint","urlTemplate":"https:\/\/aplustyres.eu\/?s={search_term_string}"},"query-input":{"@type":"PropertyValueSpecification","valueRequired":true,"valueName":"search_term_string"}}],"inLanguage":"es"}]}},"_links":{"self":[{"href":"https:\/\/aplustyres.eu\/es\/wp-json\/wp\/v2\/pages\/365","targetHints":{"allow":["GET"]}}],"collection":[{"href":"https:\/\/aplustyres.eu\/es\/wp-json\/wp\/v2\/pages"}],"about":[{"href":"https:\/\/aplustyres.eu\/es\/wp-json\/wp\/v2\/types\/page"}],"author":[{"embeddable":true,"href":"https:\/\/aplustyres.eu\/es\/wp-json\/wp\/v2\/users\/5"}],"replies":[{"embeddable":true,"href":"https:\/\/aplustyres.eu\/es\/wp-json\/wp\/v2\/comments?post=365"}],"version-history":[{"count":14,"href":"https:\/\/aplustyres.eu\/es\/wp-json\/wp\/v2\/pages\/365\/revisions"}],"predecessor-version":[{"id":2401,"href":"https:\/\/aplustyres.eu\/es\/wp-json\/wp\/v2\/pages\/365\/revisions\/2401"}],"wp:attachment":[{"href":"https:\/\/aplustyres.eu\/es\/wp-json\/wp\/v2\/media?parent=365"}],"curies":[{"name":"wp","href":"https:\/\/api.w.org\/{rel}","templated":true}]}}