{"id":357,"date":"2021-04-01T06:48:22","date_gmt":"2021-04-01T06:48:22","guid":{"rendered":"http:\/\/aplustyres.eu\/voorbeeld-pagina\/"},"modified":"2025-08-05T07:33:01","modified_gmt":"2025-08-05T07:33:01","slug":"voorbeeld-pagina","status":"publish","type":"page","link":"https:\/\/aplustyres.eu\/es\/","title":{"rendered":"Aplus"},"content":{"rendered":"\n<p>En Aplus, nos comprometemos a ofrecer neum\u00e1ticos de alta calidad a precios competitivos. Utilizamos equipos avanzados, un estricto control de calidad y procesos certificados para garantizar que cada neum\u00e1tico cumpla con los est\u00e1ndares internacionales. Contamos con certificaciones como GSO\/GCC, DOT, ECE, REACH, INMETRO, NOM, SONCAP, SMARTWAY, BIS, ISO y CCC.<\/p>\n\n\n\n<p>M\u00e1s que un producto, creemos en ofrecer un excelente servicio y en construir relaciones estables y duraderas con nuestros clientes, creciendo juntos con fuerza.<\/p>\n\n\n\n<div class=\"wp-block-columns is-layout-flex wp-container-core-columns-is-layout-9d6595d7 wp-block-columns-is-layout-flex\">\n<div class=\"wp-block-column is-layout-flow wp-block-column-is-layout-flow\" style=\"flex-basis:66.66%\">\n<h3 class=\"wp-block-heading has-text-color\" style=\"color:#fad000\">Con Aplus siempre podr\u00e1s encontrar un<\/h3>\n\n\n\n<h3 class=\"wp-block-heading has-text-align-right has-text-color\" style=\"color:#fad000\">neum\u00e1tico que se ajuste a tus necesidades<\/h3>\n<\/div>\n\n\n\n<div class=\"wp-block-column is-layout-flow wp-block-column-is-layout-flow\"><\/div>\n<\/div>\n\n\n\n<h2 class=\"wp-block-heading\">La gama Aplus<\/h2>\n\n\n\n<p>Aplus ofrece una gama vers\u00e1til de 10 dise\u00f1os de banda de rodadura para turismos (PCR), SUV, veh\u00edculos 4\u00d74 y camiones ligeros (LT). Con 315 medidas disponibles en versiones de verano, invierno y todo tiempo, siempre hay un neum\u00e1tico que se adapta a tus necesidades.<\/p>\n\n\n\n<div class=\"wp-block-buttons is-layout-flex wp-block-buttons-is-layout-flex\">\n<div class=\"wp-block-button\"><a class=\"wp-block-button__link has-black-color has-text-color has-background no-border-radius wp-element-button\" href=\"http:\/\/aplustyres.eu\/es\/acera-de-aplus\/\" style=\"background-color:#fecc00\">M\u00e1s informaci\u00f3n sobre Aplus<\/a><\/div>\n<\/div>\n\n\n\n<p><\/p>\n","protected":false},"excerpt":{"rendered":"<p>En Aplus, nos comprometemos a ofrecer neum\u00e1ticos de alta calidad a precios competitivos. Utilizamos equipos avanzados, un estricto control de [&hellip;]<\/p>\n","protected":false},"author":5,"featured_media":0,"parent":0,"menu_order":0,"comment_status":"closed","ping_status":"closed","template":"home.php","meta":{"_acf_changed":false,"footnotes":""},"class_list":["post-357","page","type-page","status-publish","hentry"],"acf":[],"yoast_head":"<!-- This site is optimized with the Yoast SEO plugin v27.4 - https:\/\/yoast.com\/product\/yoast-seo-wordpress\/ -->\n<title>Un neum\u00e1tico a su medida | Neum\u00e1ticos Aplus<\/title>\n<meta name=\"description\" content=\"Aplus ofrece una gama de 13 modelos para turismos, SUVs \/ 4\u00d74s y camiones ligeros. Aplus siempre tiene un neum\u00e1tico a su medida.\" \/>\n<meta name=\"robots\" content=\"index, follow, max-snippet:-1, max-image-preview:large, max-video-preview:-1\" \/>\n<link rel=\"canonical\" href=\"https:\/\/aplustyres.eu\/es\/\" \/>\n<meta property=\"og:locale\" content=\"es_ES\" \/>\n<meta property=\"og:type\" content=\"article\" \/>\n<meta property=\"og:title\" content=\"Un neum\u00e1tico a su medida | Neum\u00e1ticos Aplus\" \/>\n<meta property=\"og:description\" content=\"Aplus ofrece una gama de 13 modelos para turismos, SUVs \/ 4\u00d74s y camiones ligeros. Aplus siempre tiene un neum\u00e1tico a su medida.\" \/>\n<meta property=\"og:url\" content=\"https:\/\/aplustyres.eu\/es\/\" \/>\n<meta property=\"og:site_name\" content=\"Aplus tyres\" \/>\n<meta property=\"article:modified_time\" content=\"2025-08-05T07:33:01+00:00\" \/>\n<meta name=\"twitter:card\" content=\"summary_large_image\" \/>\n<meta name=\"twitter:label1\" content=\"Tiempo de lectura\" \/>\n\t<meta name=\"twitter:data1\" content=\"1 minuto\" \/>\n<script type=\"application\/ld+json\" class=\"yoast-schema-graph\">{\"@context\":\"https:\\\/\\\/schema.org\",\"@graph\":[{\"@type\":\"WebPage\",\"@id\":\"https:\\\/\\\/aplustyres.eu\\\/es\\\/\",\"url\":\"https:\\\/\\\/aplustyres.eu\\\/es\\\/\",\"name\":\"Un neum\u00e1tico a su medida | Neum\u00e1ticos Aplus\",\"isPartOf\":{\"@id\":\"https:\\\/\\\/aplustyres.eu\\\/#website\"},\"datePublished\":\"2021-04-01T06:48:22+00:00\",\"dateModified\":\"2025-08-05T07:33:01+00:00\",\"description\":\"Aplus ofrece una gama de 13 modelos para turismos, SUVs \\\/ 4\u00d74s y camiones ligeros. Aplus siempre tiene un neum\u00e1tico a su medida.\",\"breadcrumb\":{\"@id\":\"https:\\\/\\\/aplustyres.eu\\\/es\\\/#breadcrumb\"},\"inLanguage\":\"es\",\"potentialAction\":[{\"@type\":\"ReadAction\",\"target\":[\"https:\\\/\\\/aplustyres.eu\\\/es\\\/\"]}]},{\"@type\":\"BreadcrumbList\",\"@id\":\"https:\\\/\\\/aplustyres.eu\\\/es\\\/#breadcrumb\",\"itemListElement\":[{\"@type\":\"ListItem\",\"position\":1,\"name\":\"Home\",\"item\":\"https:\\\/\\\/aplustyres.eu\\\/es\\\/\"},{\"@type\":\"ListItem\",\"position\":2,\"name\":\"Aplus\"}]},{\"@type\":\"WebSite\",\"@id\":\"https:\\\/\\\/aplustyres.eu\\\/#website\",\"url\":\"https:\\\/\\\/aplustyres.eu\\\/\",\"name\":\"Aplus tyres\",\"description\":\"Find a tyre that fits your needs\",\"potentialAction\":[{\"@type\":\"SearchAction\",\"target\":{\"@type\":\"EntryPoint\",\"urlTemplate\":\"https:\\\/\\\/aplustyres.eu\\\/?s={search_term_string}\"},\"query-input\":{\"@type\":\"PropertyValueSpecification\",\"valueRequired\":true,\"valueName\":\"search_term_string\"}}],\"inLanguage\":\"es\"}]}<\/script>\n<!-- \/ Yoast SEO plugin. -->","yoast_head_json":{"title":"Un neum\u00e1tico a su medida | Neum\u00e1ticos Aplus","description":"Aplus ofrece una gama de 13 modelos para turismos, SUVs \/ 4\u00d74s y camiones ligeros. Aplus siempre tiene un neum\u00e1tico a su medida.","robots":{"index":"index","follow":"follow","max-snippet":"max-snippet:-1","max-image-preview":"max-image-preview:large","max-video-preview":"max-video-preview:-1"},"canonical":"https:\/\/aplustyres.eu\/es\/","og_locale":"es_ES","og_type":"article","og_title":"Un neum\u00e1tico a su medida | Neum\u00e1ticos Aplus","og_description":"Aplus ofrece una gama de 13 modelos para turismos, SUVs \/ 4\u00d74s y camiones ligeros. Aplus siempre tiene un neum\u00e1tico a su medida.","og_url":"https:\/\/aplustyres.eu\/es\/","og_site_name":"Aplus tyres","article_modified_time":"2025-08-05T07:33:01+00:00","twitter_card":"summary_large_image","twitter_misc":{"Tiempo de lectura":"1 minuto"},"schema":{"@context":"https:\/\/schema.org","@graph":[{"@type":"WebPage","@id":"https:\/\/aplustyres.eu\/es\/","url":"https:\/\/aplustyres.eu\/es\/","name":"Un neum\u00e1tico a su medida | Neum\u00e1ticos Aplus","isPartOf":{"@id":"https:\/\/aplustyres.eu\/#website"},"datePublished":"2021-04-01T06:48:22+00:00","dateModified":"2025-08-05T07:33:01+00:00","description":"Aplus ofrece una gama de 13 modelos para turismos, SUVs \/ 4\u00d74s y camiones ligeros. Aplus siempre tiene un neum\u00e1tico a su medida.","breadcrumb":{"@id":"https:\/\/aplustyres.eu\/es\/#breadcrumb"},"inLanguage":"es","potentialAction":[{"@type":"ReadAction","target":["https:\/\/aplustyres.eu\/es\/"]}]},{"@type":"BreadcrumbList","@id":"https:\/\/aplustyres.eu\/es\/#breadcrumb","itemListElement":[{"@type":"ListItem","position":1,"name":"Home","item":"https:\/\/aplustyres.eu\/es\/"},{"@type":"ListItem","position":2,"name":"Aplus"}]},{"@type":"WebSite","@id":"https:\/\/aplustyres.eu\/#website","url":"https:\/\/aplustyres.eu\/","name":"Aplus tyres","description":"Find a tyre that fits your needs","potentialAction":[{"@type":"SearchAction","target":{"@type":"EntryPoint","urlTemplate":"https:\/\/aplustyres.eu\/?s={search_term_string}"},"query-input":{"@type":"PropertyValueSpecification","valueRequired":true,"valueName":"search_term_string"}}],"inLanguage":"es"}]}},"_links":{"self":[{"href":"https:\/\/aplustyres.eu\/es\/wp-json\/wp\/v2\/pages\/357","targetHints":{"allow":["GET"]}}],"collection":[{"href":"https:\/\/aplustyres.eu\/es\/wp-json\/wp\/v2\/pages"}],"about":[{"href":"https:\/\/aplustyres.eu\/es\/wp-json\/wp\/v2\/types\/page"}],"author":[{"embeddable":true,"href":"https:\/\/aplustyres.eu\/es\/wp-json\/wp\/v2\/users\/5"}],"replies":[{"embeddable":true,"href":"https:\/\/aplustyres.eu\/es\/wp-json\/wp\/v2\/comments?post=357"}],"version-history":[{"count":13,"href":"https:\/\/aplustyres.eu\/es\/wp-json\/wp\/v2\/pages\/357\/revisions"}],"predecessor-version":[{"id":2389,"href":"https:\/\/aplustyres.eu\/es\/wp-json\/wp\/v2\/pages\/357\/revisions\/2389"}],"wp:attachment":[{"href":"https:\/\/aplustyres.eu\/es\/wp-json\/wp\/v2\/media?parent=357"}],"curies":[{"name":"wp","href":"https:\/\/api.w.org\/{rel}","templated":true}]}}